{"id":43,"date":"2016-02-10T23:33:40","date_gmt":"2016-02-10T23:33:40","guid":{"rendered":"http:\/\/arem-psn.com\/si\/?page_id=43"},"modified":"2024-12-12T01:04:36","modified_gmt":"2024-12-12T01:04:36","slug":"clan-uprave-za-finance","status":"publish","type":"page","link":"https:\/\/arem-psn.com\/si\/clan-uprave-za-finance\/","title":{"rendered":"\u010clan uprave za finance"},"content":{"rendered":"\n<p>\u010clan uprave za finance&nbsp;potrebuje zanesljive informacije&nbsp;za odlo\u010danje. Obvladovati mora sprejeto strategijo, sistem notranjih kontrol in zagotavljati operativno u\u010dinkovitost na podro\u010dju financ.<\/p>\n\n\n\n<figure class=\"wp-block-image\"><img decoding=\"async\" src=\"https:\/\/arem-psn.com\/si\/wp-content\/uploads\/sites\/2\/2019\/04\/Finance-126x150.png\" alt=\"\"\/><\/figure>\n\n\n\n<p>Na\u0161im naro\u010dnikom pomagamo pri:<\/p>\n\n\n\n<ul class=\"wp-block-list\">\n<li>izbiri re\u0161itev za ustrezno upravljanje in nadzor financ<\/li>\n\n\n\n<li>pove\u010devanju u\u010dinkovitosti procesov na podro\u010dju financ<\/li>\n\n\n\n<li>uporabi informacijske tehnologije in brezpapirnega poslovanja<\/li>\n<\/ul>\n\n\n\n<p>Primer:<\/p>\n\n\n\n<ul class=\"wp-block-list\">\n<li>neodvisna pomo\u010d pri izbori novega ERP sistema<\/li>\n\n\n\n<li>nadzor ali vodenje uvedbe novih re\u0161itev<\/li>\n<\/ul>\n\n\n\n<figure class=\"wp-block-image size-full\"><img loading=\"lazy\" decoding=\"async\" width=\"1024\" height=\"1024\" src=\"https:\/\/arem-psn.com\/si\/wp-content\/uploads\/sites\/2\/2024\/12\/woman-Chief-financial-officer.jpg\" alt=\"\u010clan uprave za finance CFO\" class=\"wp-image-868\" srcset=\"https:\/\/arem-psn.com\/si\/wp-content\/uploads\/sites\/2\/2024\/12\/woman-Chief-financial-officer.jpg 1024w, https:\/\/arem-psn.com\/si\/wp-content\/uploads\/sites\/2\/2024\/12\/woman-Chief-financial-officer-300x300.jpg 300w, https:\/\/arem-psn.com\/si\/wp-content\/uploads\/sites\/2\/2024\/12\/woman-Chief-financial-officer-150x150.jpg 150w, https:\/\/arem-psn.com\/si\/wp-content\/uploads\/sites\/2\/2024\/12\/woman-Chief-financial-officer-768x768.jpg 768w\" sizes=\"auto, (max-width: 1024px) 100vw, 1024px\" \/><figcaption class=\"wp-element-caption\">\u010clan uprave za finance CFO<\/figcaption><\/figure>\n","protected":false},"excerpt":{"rendered":"<p>\u010clan uprave za finance&nbsp;potrebuje zanesljive informacije&nbsp;za odlo\u010danje. Obvladovati mora sprejeto strategijo, sistem notranjih kontrol in zagotavljati operativno u\u010dinkovitost na podro\u010dju financ. Na\u0161im naro\u010dnikom pomagamo pri: Primer:<\/p>\n","protected":false},"author":1,"featured_media":0,"parent":0,"menu_order":0,"comment_status":"closed","ping_status":"closed","template":"","meta":{"footnotes":""},"class_list":["post-43","page","type-page","status-publish","hentry"],"_links":{"self":[{"href":"https:\/\/arem-psn.com\/si\/wp-json\/wp\/v2\/pages\/43","targetHints":{"allow":["GET"]}}],"collection":[{"href":"https:\/\/arem-psn.com\/si\/wp-json\/wp\/v2\/pages"}],"about":[{"href":"https:\/\/arem-psn.com\/si\/wp-json\/wp\/v2\/types\/page"}],"author":[{"embeddable":true,"href":"https:\/\/arem-psn.com\/si\/wp-json\/wp\/v2\/users\/1"}],"replies":[{"embeddable":true,"href":"https:\/\/arem-psn.com\/si\/wp-json\/wp\/v2\/comments?post=43"}],"version-history":[{"count":8,"href":"https:\/\/arem-psn.com\/si\/wp-json\/wp\/v2\/pages\/43\/revisions"}],"predecessor-version":[{"id":870,"href":"https:\/\/arem-psn.com\/si\/wp-json\/wp\/v2\/pages\/43\/revisions\/870"}],"wp:attachment":[{"href":"https:\/\/arem-psn.com\/si\/wp-json\/wp\/v2\/media?parent=43"}],"curies":[{"name":"wp","href":"https:\/\/api.w.org\/{rel}","templated":true}]}}