{"id":27,"date":"2016-02-10T23:20:46","date_gmt":"2016-02-10T23:20:46","guid":{"rendered":"http:\/\/arem-psn.com\/si\/?page_id=27"},"modified":"2024-06-19T07:43:24","modified_gmt":"2024-06-19T07:43:24","slug":"reference","status":"publish","type":"page","link":"https:\/\/arem-psn.com\/si\/reference\/","title":{"rendered":"Reference"},"content":{"rendered":"<p>Imamo izku\u0161nje iz slede\u010dih panog:<\/p>\n<ul>\n<li>ban\u010dni sektor<\/li>\n<li>zavarovalnice<\/li>\n<li>proizvodnja<\/li>\n<li>telekomunikacije<\/li>\n<li>letalski prevozniki<\/li>\n<li>trgovina<\/li>\n<li>turizem<\/li>\n<li>gradbeni\u0161tvo<\/li>\n<li>razvoj informacijskih sistemov<\/li>\n<li>energija<\/li>\n<li>javni sektor<\/li>\n<li>marine<\/li>\n<li>kovinska predelava<\/li>\n<li>prodaja in vzdr\u017eevanje vozil<\/li>\n<li>nepremi\u010dninske agencije<\/li>\n<\/ul>\n","protected":false},"excerpt":{"rendered":"<p>Imamo izku\u0161nje iz slede\u010dih panog: ban\u010dni sektor zavarovalnice proizvodnja telekomunikacije letalski prevozniki trgovina turizem gradbeni\u0161tvo razvoj informacijskih sistemov energija javni sektor marine kovinska predelava prodaja in vzdr\u017eevanje vozil nepremi\u010dninske agencije<\/p>\n","protected":false},"author":1,"featured_media":0,"parent":0,"menu_order":0,"comment_status":"closed","ping_status":"closed","template":"","meta":{"footnotes":""},"class_list":["post-27","page","type-page","status-publish","hentry"],"_links":{"self":[{"href":"https:\/\/arem-psn.com\/si\/wp-json\/wp\/v2\/pages\/27","targetHints":{"allow":["GET"]}}],"collection":[{"href":"https:\/\/arem-psn.com\/si\/wp-json\/wp\/v2\/pages"}],"about":[{"href":"https:\/\/arem-psn.com\/si\/wp-json\/wp\/v2\/types\/page"}],"author":[{"embeddable":true,"href":"https:\/\/arem-psn.com\/si\/wp-json\/wp\/v2\/users\/1"}],"replies":[{"embeddable":true,"href":"https:\/\/arem-psn.com\/si\/wp-json\/wp\/v2\/comments?post=27"}],"version-history":[{"count":3,"href":"https:\/\/arem-psn.com\/si\/wp-json\/wp\/v2\/pages\/27\/revisions"}],"predecessor-version":[{"id":787,"href":"https:\/\/arem-psn.com\/si\/wp-json\/wp\/v2\/pages\/27\/revisions\/787"}],"wp:attachment":[{"href":"https:\/\/arem-psn.com\/si\/wp-json\/wp\/v2\/media?parent=27"}],"curies":[{"name":"wp","href":"https:\/\/api.w.org\/{rel}","templated":true}]}}