{"id":203,"date":"2016-12-09T16:08:16","date_gmt":"2016-12-09T16:08:16","guid":{"rendered":"http:\/\/arem-psn.com\/si\/?page_id=203"},"modified":"2021-10-18T08:07:54","modified_gmt":"2021-10-18T08:07:54","slug":"revizija-informacijskih-sistemov","status":"publish","type":"page","link":"https:\/\/arem-psn.com\/si\/storitve-2\/revizija-informacijskih-sistemov\/","title":{"rendered":"Revizija informacijskih sistemov"},"content":{"rendered":"<p>Izvajamo storitve:<\/p>\n<ul>\n<li>revizije celotnega informacijskega sistema<\/li>\n<li>posebne revizije informacijskih sistemov za dolo\u010dene namene\n<ul>\n<li>SWIFT<\/li>\n<li>Target2<\/li>\n<li>ocene sinergijskih u\u010dinkov pri zdru\u017eitvah in prevzemih<\/li>\n<\/ul>\n<\/li>\n<li>revizije na\u010drtovanih projektov\u00a0IS<\/li>\n<li>revizije aktivnih projektov IS<\/li>\n<li>revizije zaklju\u010denih projektov IS<\/li>\n<li>revizije varovanja informacij<\/li>\n<li>revizije skladnosti IS<\/li>\n<li>revizije u\u010dinkovitosti IS<\/li>\n<li>druge revizije informacijske tehnologije skladno s potrebami naro\u010dnika<\/li>\n<\/ul>\n\n\n<p><\/p>\n","protected":false},"excerpt":{"rendered":"<p>Izvajamo storitve: revizije celotnega informacijskega sistema posebne revizije informacijskih sistemov za dolo\u010dene namene SWIFT Target2 ocene sinergijskih u\u010dinkov pri zdru\u017eitvah in prevzemih revizije na\u010drtovanih projektov\u00a0IS revizije aktivnih projektov IS revizije zaklju\u010denih projektov IS revizije varovanja informacij revizije skladnosti IS revizije u\u010dinkovitosti IS druge revizije informacijske tehnologije skladno s potrebami naro\u010dnika<\/p>\n","protected":false},"author":1,"featured_media":0,"parent":323,"menu_order":0,"comment_status":"closed","ping_status":"closed","template":"","meta":{"footnotes":""},"class_list":["post-203","page","type-page","status-publish","hentry"],"_links":{"self":[{"href":"https:\/\/arem-psn.com\/si\/wp-json\/wp\/v2\/pages\/203","targetHints":{"allow":["GET"]}}],"collection":[{"href":"https:\/\/arem-psn.com\/si\/wp-json\/wp\/v2\/pages"}],"about":[{"href":"https:\/\/arem-psn.com\/si\/wp-json\/wp\/v2\/types\/page"}],"author":[{"embeddable":true,"href":"https:\/\/arem-psn.com\/si\/wp-json\/wp\/v2\/users\/1"}],"replies":[{"embeddable":true,"href":"https:\/\/arem-psn.com\/si\/wp-json\/wp\/v2\/comments?post=203"}],"version-history":[{"count":5,"href":"https:\/\/arem-psn.com\/si\/wp-json\/wp\/v2\/pages\/203\/revisions"}],"predecessor-version":[{"id":601,"href":"https:\/\/arem-psn.com\/si\/wp-json\/wp\/v2\/pages\/203\/revisions\/601"}],"up":[{"embeddable":true,"href":"https:\/\/arem-psn.com\/si\/wp-json\/wp\/v2\/pages\/323"}],"wp:attachment":[{"href":"https:\/\/arem-psn.com\/si\/wp-json\/wp\/v2\/media?parent=203"}],"curies":[{"name":"wp","href":"https:\/\/api.w.org\/{rel}","templated":true}]}}