{"id":197,"date":"2016-12-09T15:28:02","date_gmt":"2016-12-09T15:28:02","guid":{"rendered":"http:\/\/arem-psn.com\/si\/?page_id=197"},"modified":"2019-04-24T14:02:44","modified_gmt":"2019-04-24T14:02:44","slug":"politika_zasebnosti_piskotki","status":"publish","type":"page","link":"https:\/\/arem-psn.com\/si\/politika_zasebnosti_piskotki\/","title":{"rendered":"politika_zasebnosti_piskotki"},"content":{"rendered":"<p>Politika zasebnosti in pi\u0161kotki<\/p>\n<p>Na\u0161a spletna stran uporablja pi\u0161kotke. To so majhne datoteke, ki jih ob obisku nalo\u017eimo na va\u0161 ra\u010dunalnik oziroma mobilno napravo. Tako lahko prepoznamo, ko se vrnete na spletno stran ter omogo\u010dimo njeno bolj\u0161e delovanje in uporabo.<br \/>\nPi\u0161kotki ne vsebujejo osebnih podatkov oziroma informacij, ki bi vas lahko identificirale.<\/p>\n<table class=\"cookie-law\" border=\"1\" width=\"100%\" align=\"left\">\n<thead>\n<tr>\n<th width=\"80\">Izvor<\/th>\n<th width=\"100\">Ime pi\u0161kotka<\/th>\n<th>Namen<\/th>\n<th>Trajanje<\/th>\n<\/tr>\n<\/thead>\n<tbody>\n<tr>\n<td>Google<\/td>\n<td>__utma &#8230; __utmz<\/td>\n<td>Pi\u0161kotke nastavi orodje Google Analytics. Omogo\u010da pregled statistike spletnega mesta.<\/td>\n<td>do 2 leti<\/td>\n<\/tr>\n<\/tbody>\n<\/table>\n<p>Izjavljamo, da lastnih pi\u0161kotkov ne bomo posredovali tretjim osebam.<\/p>\n<p>Izklop pi\u0161kotkov za vse spletne strani<\/p>\n<p>Pi\u0161kotke lahko popolnoma izbri\u0161ete oziroma onemogo\u010dite z nastavitvami v va\u0161em brskalniku. Navodila se nahajajo v sekciji pomo\u010d va\u0161ega brskalnika. V primeru, da boste pi\u0161kotke popolnoma izklju\u010dili, vam morda kak\u0161na izmed funkcionalnosti na spletni strani ne bo delovala.<\/p>\n","protected":false},"excerpt":{"rendered":"<p>Politika zasebnosti in pi\u0161kotki Na\u0161a spletna stran uporablja pi\u0161kotke. To so majhne datoteke, ki jih ob obisku nalo\u017eimo na va\u0161 ra\u010dunalnik oziroma mobilno napravo. Tako lahko prepoznamo, ko se vrnete na spletno stran ter omogo\u010dimo njeno bolj\u0161e delovanje in uporabo. Pi\u0161kotki ne vsebujejo osebnih podatkov oziroma informacij, ki bi vas lahko identificirale. Izvor Ime pi\u0161kotka Namen Trajanje Google __utma &#8230; __utmz Pi\u0161kotke nastavi orodje Google Analytics. Omogo\u010da pregled statistike spletnega mesta. do 2 leti Izjavljamo, da lastnih pi\u0161kotkov ne bomo posredovali tretjim osebam. Izklop pi\u0161kotkov za vse spletne strani Pi\u0161kotke lahko popolnoma izbri\u0161ete oziroma onemogo\u010dite z nastavitvami v va\u0161em brskalniku.<\/p>\n","protected":false},"author":1,"featured_media":0,"parent":0,"menu_order":0,"comment_status":"closed","ping_status":"closed","template":"","meta":{"footnotes":""},"class_list":["post-197","page","type-page","status-publish","hentry"],"_links":{"self":[{"href":"https:\/\/arem-psn.com\/si\/wp-json\/wp\/v2\/pages\/197","targetHints":{"allow":["GET"]}}],"collection":[{"href":"https:\/\/arem-psn.com\/si\/wp-json\/wp\/v2\/pages"}],"about":[{"href":"https:\/\/arem-psn.com\/si\/wp-json\/wp\/v2\/types\/page"}],"author":[{"embeddable":true,"href":"https:\/\/arem-psn.com\/si\/wp-json\/wp\/v2\/users\/1"}],"replies":[{"embeddable":true,"href":"https:\/\/arem-psn.com\/si\/wp-json\/wp\/v2\/comments?post=197"}],"version-history":[{"count":2,"href":"https:\/\/arem-psn.com\/si\/wp-json\/wp\/v2\/pages\/197\/revisions"}],"predecessor-version":[{"id":445,"href":"https:\/\/arem-psn.com\/si\/wp-json\/wp\/v2\/pages\/197\/revisions\/445"}],"wp:attachment":[{"href":"https:\/\/arem-psn.com\/si\/wp-json\/wp\/v2\/media?parent=197"}],"curies":[{"name":"wp","href":"https:\/\/api.w.org\/{rel}","templated":true}]}}